{"id":7,"date":"2016-07-19T14:11:00","date_gmt":"2016-07-19T14:11:00","guid":{"rendered":"http:\/\/bridge76.qodeinteractive.com\/?page_id=7"},"modified":"2025-09-18T22:20:48","modified_gmt":"2025-09-18T20:20:48","slug":"home","status":"publish","type":"page","link":"https:\/\/www.legeasll.com\/asll\/","title":{"rendered":"Accueil"},"content":{"rendered":"\n<figure class=\"wp-block-image aligncenter size-large\"><img loading=\"lazy\" decoding=\"async\" width=\"1024\" height=\"225\" src=\"https:\/\/www.legeasll.com\/asll\/wp-content\/uploads\/2025\/09\/img_acceuil-1024x225.png\" alt=\"\" class=\"wp-image-17900\" srcset=\"https:\/\/www.legeasll.com\/asll\/wp-content\/uploads\/2025\/09\/img_acceuil-1024x225.png 1024w, https:\/\/www.legeasll.com\/asll\/wp-content\/uploads\/2025\/09\/img_acceuil-300x66.png 300w, https:\/\/www.legeasll.com\/asll\/wp-content\/uploads\/2025\/09\/img_acceuil-768x169.png 768w, https:\/\/www.legeasll.com\/asll\/wp-content\/uploads\/2025\/09\/img_acceuil-1536x338.png 1536w, https:\/\/www.legeasll.com\/asll\/wp-content\/uploads\/2025\/09\/img_acceuil.png 1717w\" sizes=\"auto, (max-width: 1024px) 100vw, 1024px\" \/><\/figure>\n\n\n\n<div style=\"height:100px\" aria-hidden=\"true\" class=\"wp-block-spacer\"><\/div>\n\n\n\n<h2 class=\"wp-block-heading\">L&rsquo;ASSOCIATION<\/h2>\n\n\n\n<p>L&rsquo;Association Sportive Loisirs Leg\u00e9, dite l\u2019A.S.L.L., est n\u00e9e en 1983, d\u2019un groupe de volleyeurs souhaitant jouer autrement, dans un esprit convivial et pas seulement motiv\u00e9 par la seule comp\u00e9tition.<\/p>\n\n\n\n<p>Plus tard, l\u2019A.S.L.L. int\u00e9gra des adeptes du badminton, puis un groupe de randonneurs p\u00e9destres.<\/p>\n\n\n\n<p>Elle dispose actuellement de deux sections regroupant une centaine d\u2019adh\u00e9rents.<\/p>\n\n\n\n<p>La pratique sportive dans l\u2019association est en premier lieu un loisir s\u2019adressant \u00e0 tous. Les \u00e9quipes int\u00e8grent \u00e0 la fois des hommes et des femmes, des jeunes et des moins jeunes, le tout dans un esprit de convivialit\u00e9.<\/p>\n\n\n\n<p>A tout moment on peut int\u00e9grer une de ces sections pour une cotisation annuelle modique.<\/p>\n\n\n\n<div style=\"height:100px\" aria-hidden=\"true\" class=\"wp-block-spacer\"><\/div>\n\n\n\n<div class=\"wp-block-columns is-layout-flex wp-container-core-columns-is-layout-28f84493 wp-block-columns-is-layout-flex\">\n<div class=\"wp-block-column is-layout-flow wp-block-column-is-layout-flow\">\n<h2 class=\"wp-block-heading has-text-align-center\">BADMINTON<\/h2>\n\n\n\n<figure class=\"wp-block-image size-large\"><img loading=\"lazy\" decoding=\"async\" width=\"1024\" height=\"682\" src=\"https:\/\/www.legeasll.com\/asll\/wp-content\/uploads\/2016\/09\/Home_badminton-1024x682.jpg\" alt=\"\" class=\"wp-image-15887\" srcset=\"https:\/\/www.legeasll.com\/asll\/wp-content\/uploads\/2016\/09\/Home_badminton-1024x682.jpg 1024w, https:\/\/www.legeasll.com\/asll\/wp-content\/uploads\/2016\/09\/Home_badminton-300x200.jpg 300w, https:\/\/www.legeasll.com\/asll\/wp-content\/uploads\/2016\/09\/Home_badminton-768x512.jpg 768w, https:\/\/www.legeasll.com\/asll\/wp-content\/uploads\/2016\/09\/Home_badminton-700x466.jpg 700w, https:\/\/www.legeasll.com\/asll\/wp-content\/uploads\/2016\/09\/Home_badminton.jpg 1100w\" sizes=\"auto, (max-width: 1024px) 100vw, 1024px\" \/><\/figure>\n\n\n\n<p>Dans une ambiance conviviale, la section badminton permet de jouer et d&rsquo;affronter d&rsquo;autres badistes, les mardi et jeudi soir. Quelque soit votre niveau, vous trouverez toujours un ou plusieurs adversaires pour partager un match. Et les plus jeunes (11-18 ans) pourront venir progresser le samedi matin avec Yohann.<\/p>\n\n\n\n<div class=\"wp-block-buttons alignfull is-content-justification-center is-layout-flex wp-container-core-buttons-is-layout-a89b3969 wp-block-buttons-is-layout-flex\">\n<div class=\"wp-block-button\"><a class=\"wp-block-button__link wp-element-button\" href=\"https:\/\/www.legeasll.com\/asll\/badminton\/\">En savoir plus<\/a><\/div>\n<\/div>\n<\/div>\n\n\n\n<div class=\"wp-block-column is-layout-flow wp-block-column-is-layout-flow\">\n<h2 class=\"wp-block-heading has-text-align-center\">RANDONN\u00c9E P\u00c9DESTRE<\/h2>\n\n\n\n<figure class=\"wp-block-image size-large\"><img loading=\"lazy\" decoding=\"async\" width=\"1024\" height=\"682\" src=\"https:\/\/www.legeasll.com\/asll\/wp-content\/uploads\/2016\/09\/Home_Rando-1024x682.jpg\" alt=\"\" class=\"wp-image-15888\" srcset=\"https:\/\/www.legeasll.com\/asll\/wp-content\/uploads\/2016\/09\/Home_Rando-1024x682.jpg 1024w, https:\/\/www.legeasll.com\/asll\/wp-content\/uploads\/2016\/09\/Home_Rando-300x200.jpg 300w, https:\/\/www.legeasll.com\/asll\/wp-content\/uploads\/2016\/09\/Home_Rando-768x512.jpg 768w, https:\/\/www.legeasll.com\/asll\/wp-content\/uploads\/2016\/09\/Home_Rando-700x466.jpg 700w, https:\/\/www.legeasll.com\/asll\/wp-content\/uploads\/2016\/09\/Home_Rando.jpg 1100w\" sizes=\"auto, (max-width: 1024px) 100vw, 1024px\" \/><\/figure>\n\n\n\n<p>Marcher c&rsquo;est bien, mais avec d&rsquo;autres, c&rsquo;est encore mieux ! Suivant votre rythme, venez d\u00e9couvrir des balades agr\u00e9ables et des lieux insolites. En toute convivialit\u00e9, nos sorties s&rsquo;organisent le 1er dimanche de chaque mois. Que ce soit sur les chemins de Leg\u00e9 ou ailleurs, cela repr\u00e9sente toujours un moment sympathique.<\/p>\n\n\n\n<div class=\"wp-block-buttons alignfull is-content-justification-center is-layout-flex wp-container-core-buttons-is-layout-a89b3969 wp-block-buttons-is-layout-flex\">\n<div class=\"wp-block-button\"><a class=\"wp-block-button__link wp-element-button\" href=\"https:\/\/www.legeasll.com\/asll\/rando\/\">En savoir plus<\/a><\/div>\n<\/div>\n<\/div>\n<\/div>\n\n\n\n<div style=\"height:100px\" aria-hidden=\"true\" class=\"wp-block-spacer\"><\/div>\n\n\n\n<figure class=\"wp-block-gallery has-nested-images columns-default is-cropped wp-block-gallery-1 is-layout-flex wp-block-gallery-is-layout-flex\">\n<figure class=\"wp-block-image size-large\"><img loading=\"lazy\" decoding=\"async\" width=\"1024\" height=\"577\" data-id=\"17701\" src=\"https:\/\/www.legeasll.com\/asll\/wp-content\/uploads\/2025\/09\/Reprise-2025-2026-1024x577.jpg\" alt=\"\" class=\"wp-image-17701\" srcset=\"https:\/\/www.legeasll.com\/asll\/wp-content\/uploads\/2025\/09\/Reprise-2025-2026-1024x577.jpg 1024w, https:\/\/www.legeasll.com\/asll\/wp-content\/uploads\/2025\/09\/Reprise-2025-2026-300x169.jpg 300w, https:\/\/www.legeasll.com\/asll\/wp-content\/uploads\/2025\/09\/Reprise-2025-2026-768x433.jpg 768w, https:\/\/www.legeasll.com\/asll\/wp-content\/uploads\/2025\/09\/Reprise-2025-2026-700x395.jpg 700w, https:\/\/www.legeasll.com\/asll\/wp-content\/uploads\/2025\/09\/Reprise-2025-2026-539x303.jpg 539w, https:\/\/www.legeasll.com\/asll\/wp-content\/uploads\/2025\/09\/Reprise-2025-2026.jpg 1100w\" sizes=\"auto, (max-width: 1024px) 100vw, 1024px\" \/><\/figure>\n\n\n\n<figure class=\"wp-block-image size-large\"><img loading=\"lazy\" decoding=\"async\" width=\"1024\" height=\"768\" data-id=\"17640\" src=\"https:\/\/www.legeasll.com\/asll\/wp-content\/uploads\/2025\/03\/Le-Pellerin-2-1024x768.jpeg\" alt=\"\" class=\"wp-image-17640\" srcset=\"https:\/\/www.legeasll.com\/asll\/wp-content\/uploads\/2025\/03\/Le-Pellerin-2-1024x768.jpeg 1024w, https:\/\/www.legeasll.com\/asll\/wp-content\/uploads\/2025\/03\/Le-Pellerin-2-300x225.jpeg 300w, https:\/\/www.legeasll.com\/asll\/wp-content\/uploads\/2025\/03\/Le-Pellerin-2-768x576.jpeg 768w, https:\/\/www.legeasll.com\/asll\/wp-content\/uploads\/2025\/03\/Le-Pellerin-2-800x600.jpeg 800w, https:\/\/www.legeasll.com\/asll\/wp-content\/uploads\/2025\/03\/Le-Pellerin-2-700x525.jpeg 700w, https:\/\/www.legeasll.com\/asll\/wp-content\/uploads\/2025\/03\/Le-Pellerin-2.jpeg 1100w\" sizes=\"auto, (max-width: 1024px) 100vw, 1024px\" \/><\/figure>\n\n\n\n<figure class=\"wp-block-image size-large\"><img loading=\"lazy\" decoding=\"async\" width=\"931\" height=\"698\" data-id=\"17614\" src=\"https:\/\/www.legeasll.com\/asll\/wp-content\/uploads\/2024\/12\/20241201-Img.jpg\" alt=\"\" class=\"wp-image-17614\" srcset=\"https:\/\/www.legeasll.com\/asll\/wp-content\/uploads\/2024\/12\/20241201-Img.jpg 931w, https:\/\/www.legeasll.com\/asll\/wp-content\/uploads\/2024\/12\/20241201-Img-300x225.jpg 300w, https:\/\/www.legeasll.com\/asll\/wp-content\/uploads\/2024\/12\/20241201-Img-768x576.jpg 768w, https:\/\/www.legeasll.com\/asll\/wp-content\/uploads\/2024\/12\/20241201-Img-800x600.jpg 800w, https:\/\/www.legeasll.com\/asll\/wp-content\/uploads\/2024\/12\/20241201-Img-700x525.jpg 700w\" sizes=\"auto, (max-width: 931px) 100vw, 931px\" \/><\/figure>\n\n\n\n<figure class=\"wp-block-image size-large\"><img loading=\"lazy\" decoding=\"async\" width=\"1024\" height=\"768\" data-id=\"17559\" src=\"https:\/\/www.legeasll.com\/asll\/wp-content\/uploads\/2024\/05\/240519-SPGL10-1024x768.jpeg\" alt=\"\" class=\"wp-image-17559\" srcset=\"https:\/\/www.legeasll.com\/asll\/wp-content\/uploads\/2024\/05\/240519-SPGL10-1024x768.jpeg 1024w, https:\/\/www.legeasll.com\/asll\/wp-content\/uploads\/2024\/05\/240519-SPGL10-300x225.jpeg 300w, https:\/\/www.legeasll.com\/asll\/wp-content\/uploads\/2024\/05\/240519-SPGL10-768x576.jpeg 768w, https:\/\/www.legeasll.com\/asll\/wp-content\/uploads\/2024\/05\/240519-SPGL10-800x600.jpeg 800w, https:\/\/www.legeasll.com\/asll\/wp-content\/uploads\/2024\/05\/240519-SPGL10-700x525.jpeg 700w, https:\/\/www.legeasll.com\/asll\/wp-content\/uploads\/2024\/05\/240519-SPGL10.jpeg 1100w\" sizes=\"auto, (max-width: 1024px) 100vw, 1024px\" \/><\/figure>\n\n\n\n<figure class=\"wp-block-image size-large\"><img loading=\"lazy\" decoding=\"async\" width=\"1024\" height=\"768\" data-id=\"17461\" src=\"https:\/\/www.legeasll.com\/asll\/wp-content\/uploads\/2023\/05\/2023-05-07-Cholet-9-1024x768.jpeg\" alt=\"\" class=\"wp-image-17461\" srcset=\"https:\/\/www.legeasll.com\/asll\/wp-content\/uploads\/2023\/05\/2023-05-07-Cholet-9-1024x768.jpeg 1024w, https:\/\/www.legeasll.com\/asll\/wp-content\/uploads\/2023\/05\/2023-05-07-Cholet-9-300x225.jpeg 300w, https:\/\/www.legeasll.com\/asll\/wp-content\/uploads\/2023\/05\/2023-05-07-Cholet-9-768x576.jpeg 768w, https:\/\/www.legeasll.com\/asll\/wp-content\/uploads\/2023\/05\/2023-05-07-Cholet-9-800x600.jpeg 800w, https:\/\/www.legeasll.com\/asll\/wp-content\/uploads\/2023\/05\/2023-05-07-Cholet-9-700x525.jpeg 700w, https:\/\/www.legeasll.com\/asll\/wp-content\/uploads\/2023\/05\/2023-05-07-Cholet-9.jpeg 1100w\" sizes=\"auto, (max-width: 1024px) 100vw, 1024px\" \/><\/figure>\n\n\n\n<figure class=\"wp-block-image size-large\"><img loading=\"lazy\" decoding=\"async\" width=\"1000\" height=\"667\" data-id=\"16606\" src=\"https:\/\/www.legeasll.com\/asll\/wp-content\/uploads\/2017\/03\/08012015-IMG_7587.jpg\" alt=\"\" class=\"wp-image-16606\" srcset=\"https:\/\/www.legeasll.com\/asll\/wp-content\/uploads\/2017\/03\/08012015-IMG_7587.jpg 1000w, https:\/\/www.legeasll.com\/asll\/wp-content\/uploads\/2017\/03\/08012015-IMG_7587-300x200.jpg 300w, https:\/\/www.legeasll.com\/asll\/wp-content\/uploads\/2017\/03\/08012015-IMG_7587-768x512.jpg 768w, https:\/\/www.legeasll.com\/asll\/wp-content\/uploads\/2017\/03\/08012015-IMG_7587-700x467.jpg 700w\" sizes=\"auto, (max-width: 1000px) 100vw, 1000px\" \/><\/figure>\n\n\n\n<figure class=\"wp-block-image size-large\"><img loading=\"lazy\" decoding=\"async\" width=\"1000\" height=\"750\" data-id=\"16483\" src=\"https:\/\/www.legeasll.com\/asll\/wp-content\/uploads\/2017\/01\/170108-Leg\u00e9-13.jpg\" alt=\"\" class=\"wp-image-16483\" srcset=\"https:\/\/www.legeasll.com\/asll\/wp-content\/uploads\/2017\/01\/170108-Leg\u00e9-13.jpg 1000w, https:\/\/www.legeasll.com\/asll\/wp-content\/uploads\/2017\/01\/170108-Leg\u00e9-13-300x225.jpg 300w, https:\/\/www.legeasll.com\/asll\/wp-content\/uploads\/2017\/01\/170108-Leg\u00e9-13-768x576.jpg 768w, https:\/\/www.legeasll.com\/asll\/wp-content\/uploads\/2017\/01\/170108-Leg\u00e9-13-800x600.jpg 800w, https:\/\/www.legeasll.com\/asll\/wp-content\/uploads\/2017\/01\/170108-Leg\u00e9-13-700x525.jpg 700w\" sizes=\"auto, (max-width: 1000px) 100vw, 1000px\" \/><\/figure>\n\n\n\n<figure class=\"wp-block-image size-large\"><img loading=\"lazy\" decoding=\"async\" width=\"750\" height=\"1000\" data-id=\"16399\" src=\"https:\/\/www.legeasll.com\/asll\/wp-content\/uploads\/2016\/12\/161204-Bois-de-Cen\u00e9-13.jpg\" alt=\"\" class=\"wp-image-16399\" srcset=\"https:\/\/www.legeasll.com\/asll\/wp-content\/uploads\/2016\/12\/161204-Bois-de-Cen\u00e9-13.jpg 750w, https:\/\/www.legeasll.com\/asll\/wp-content\/uploads\/2016\/12\/161204-Bois-de-Cen\u00e9-13-225x300.jpg 225w, https:\/\/www.legeasll.com\/asll\/wp-content\/uploads\/2016\/12\/161204-Bois-de-Cen\u00e9-13-600x800.jpg 600w, https:\/\/www.legeasll.com\/asll\/wp-content\/uploads\/2016\/12\/161204-Bois-de-Cen\u00e9-13-700x933.jpg 700w\" sizes=\"auto, (max-width: 750px) 100vw, 750px\" \/><\/figure>\n\n\n\n<figure class=\"wp-block-image size-large\"><img loading=\"lazy\" decoding=\"async\" width=\"1000\" height=\"750\" data-id=\"16397\" src=\"https:\/\/www.legeasll.com\/asll\/wp-content\/uploads\/2016\/12\/161204-Bois-de-Cen\u00e9-10.jpg\" alt=\"\" class=\"wp-image-16397\" srcset=\"https:\/\/www.legeasll.com\/asll\/wp-content\/uploads\/2016\/12\/161204-Bois-de-Cen\u00e9-10.jpg 1000w, https:\/\/www.legeasll.com\/asll\/wp-content\/uploads\/2016\/12\/161204-Bois-de-Cen\u00e9-10-300x225.jpg 300w, https:\/\/www.legeasll.com\/asll\/wp-content\/uploads\/2016\/12\/161204-Bois-de-Cen\u00e9-10-768x576.jpg 768w, https:\/\/www.legeasll.com\/asll\/wp-content\/uploads\/2016\/12\/161204-Bois-de-Cen\u00e9-10-800x600.jpg 800w, https:\/\/www.legeasll.com\/asll\/wp-content\/uploads\/2016\/12\/161204-Bois-de-Cen\u00e9-10-700x525.jpg 700w\" sizes=\"auto, (max-width: 1000px) 100vw, 1000px\" \/><\/figure>\n\n\n\n<figure class=\"wp-block-image size-large\"><img loading=\"lazy\" decoding=\"async\" width=\"1024\" height=\"576\" data-id=\"16336\" src=\"https:\/\/www.legeasll.com\/asll\/wp-content\/uploads\/2016\/12\/161009-StFlorentleVieil-8-1024x576.jpg\" alt=\"\" class=\"wp-image-16336\" srcset=\"https:\/\/www.legeasll.com\/asll\/wp-content\/uploads\/2016\/12\/161009-StFlorentleVieil-8-1024x576.jpg 1024w, https:\/\/www.legeasll.com\/asll\/wp-content\/uploads\/2016\/12\/161009-StFlorentleVieil-8-300x169.jpg 300w, https:\/\/www.legeasll.com\/asll\/wp-content\/uploads\/2016\/12\/161009-StFlorentleVieil-8-768x432.jpg 768w, https:\/\/www.legeasll.com\/asll\/wp-content\/uploads\/2016\/12\/161009-StFlorentleVieil-8-700x394.jpg 700w, https:\/\/www.legeasll.com\/asll\/wp-content\/uploads\/2016\/12\/161009-StFlorentleVieil-8-539x303.jpg 539w, https:\/\/www.legeasll.com\/asll\/wp-content\/uploads\/2016\/12\/161009-StFlorentleVieil-8.jpg 1264w\" sizes=\"auto, (max-width: 1024px) 100vw, 1024px\" \/><\/figure>\n\n\n\n<figure class=\"wp-block-image size-large\"><img loading=\"lazy\" decoding=\"async\" width=\"800\" height=\"600\" data-id=\"16314\" src=\"https:\/\/www.legeasll.com\/asll\/wp-content\/uploads\/2016\/12\/161023-ChateauThebaud-9.jpg\" alt=\"\" class=\"wp-image-16314\" srcset=\"https:\/\/www.legeasll.com\/asll\/wp-content\/uploads\/2016\/12\/161023-ChateauThebaud-9.jpg 800w, https:\/\/www.legeasll.com\/asll\/wp-content\/uploads\/2016\/12\/161023-ChateauThebaud-9-300x225.jpg 300w, https:\/\/www.legeasll.com\/asll\/wp-content\/uploads\/2016\/12\/161023-ChateauThebaud-9-768x576.jpg 768w, https:\/\/www.legeasll.com\/asll\/wp-content\/uploads\/2016\/12\/161023-ChateauThebaud-9-700x525.jpg 700w\" sizes=\"auto, (max-width: 800px) 100vw, 800px\" \/><\/figure>\n\n\n\n<figure class=\"wp-block-image size-large\"><img loading=\"lazy\" decoding=\"async\" width=\"1024\" height=\"682\" data-id=\"15888\" src=\"https:\/\/www.legeasll.com\/asll\/wp-content\/uploads\/2016\/09\/Home_Rando-1024x682.jpg\" alt=\"\" class=\"wp-image-15888\" srcset=\"https:\/\/www.legeasll.com\/asll\/wp-content\/uploads\/2016\/09\/Home_Rando-1024x682.jpg 1024w, https:\/\/www.legeasll.com\/asll\/wp-content\/uploads\/2016\/09\/Home_Rando-300x200.jpg 300w, https:\/\/www.legeasll.com\/asll\/wp-content\/uploads\/2016\/09\/Home_Rando-768x512.jpg 768w, https:\/\/www.legeasll.com\/asll\/wp-content\/uploads\/2016\/09\/Home_Rando-700x466.jpg 700w, https:\/\/www.legeasll.com\/asll\/wp-content\/uploads\/2016\/09\/Home_Rando.jpg 1100w\" sizes=\"auto, (max-width: 1024px) 100vw, 1024px\" \/><\/figure>\n\n\n\n<figure class=\"wp-block-image size-large\"><img loading=\"lazy\" decoding=\"async\" width=\"1024\" height=\"682\" data-id=\"15887\" src=\"https:\/\/www.legeasll.com\/asll\/wp-content\/uploads\/2016\/09\/Home_badminton-1024x682.jpg\" alt=\"\" class=\"wp-image-15887\" srcset=\"https:\/\/www.legeasll.com\/asll\/wp-content\/uploads\/2016\/09\/Home_badminton-1024x682.jpg 1024w, https:\/\/www.legeasll.com\/asll\/wp-content\/uploads\/2016\/09\/Home_badminton-300x200.jpg 300w, https:\/\/www.legeasll.com\/asll\/wp-content\/uploads\/2016\/09\/Home_badminton-768x512.jpg 768w, https:\/\/www.legeasll.com\/asll\/wp-content\/uploads\/2016\/09\/Home_badminton-700x466.jpg 700w, https:\/\/www.legeasll.com\/asll\/wp-content\/uploads\/2016\/09\/Home_badminton.jpg 1100w\" sizes=\"auto, (max-width: 1024px) 100vw, 1024px\" \/><\/figure>\n<\/figure>\n\n\n\n<p><\/p>\n","protected":false},"excerpt":{"rendered":"<p>L&rsquo;ASSOCIATION L&rsquo;Association Sportive Loisirs Leg\u00e9, dite l\u2019A.S.L.L., est n\u00e9e en 1983, d\u2019un groupe de volleyeurs souhaitant jouer autrement, dans un [&hellip;]<\/p>\n","protected":false},"author":1,"featured_media":0,"parent":0,"menu_order":0,"comment_status":"closed","ping_status":"closed","template":"full_width.php","meta":{"site-sidebar-layout":"default","site-content-layout":"","ast-site-content-layout":"default","site-content-style":"default","site-sidebar-style":"default","ast-global-header-display":"","ast-banner-title-visibility":"","ast-main-header-display":"","ast-hfb-above-header-display":"","ast-hfb-below-header-display":"","ast-hfb-mobile-header-display":"","site-post-title":"","ast-breadcrumbs-content":"","ast-featured-img":"","footer-sml-layout":"","theme-transparent-header-meta":"","adv-header-id-meta":"","stick-header-meta":"","header-above-stick-meta":"","header-main-stick-meta":"","header-below-stick-meta":"","astra-migrate-meta-layouts":"default","ast-page-background-enabled":"default","ast-page-background-meta":{"desktop":{"background-color":"var(--ast-global-color-5)","background-image":"","background-repeat":"repeat","background-position":"center center","background-size":"auto","background-attachment":"scroll","background-type":"","background-media":"","overlay-type":"","overlay-color":"","overlay-opacity":"","overlay-gradient":""},"tablet":{"background-color":"","background-image":"","background-repeat":"repeat","background-position":"center center","background-size":"auto","background-attachment":"scroll","background-type":"","background-media":"","overlay-type":"","overlay-color":"","overlay-opacity":"","overlay-gradient":""},"mobile":{"background-color":"","background-image":"","background-repeat":"repeat","background-position":"center center","background-size":"auto","background-attachment":"scroll","background-type":"","background-media":"","overlay-type":"","overlay-color":"","overlay-opacity":"","overlay-gradient":""}},"ast-content-background-meta":{"desktop":{"background-color":"var(--ast-global-color-4)","background-image":"","background-repeat":"repeat","background-position":"center center","background-size":"auto","background-attachment":"scroll","background-type":"","background-media":"","overlay-type":"","overlay-color":"","overlay-opacity":"","overlay-gradient":""},"tablet":{"background-color":"var(--ast-global-color-4)","background-image":"","background-repeat":"repeat","background-position":"center center","background-size":"auto","background-attachment":"scroll","background-type":"","background-media":"","overlay-type":"","overlay-color":"","overlay-opacity":"","overlay-gradient":""},"mobile":{"background-color":"var(--ast-global-color-4)","background-image":"","background-repeat":"repeat","background-position":"center center","background-size":"auto","background-attachment":"scroll","background-type":"","background-media":"","overlay-type":"","overlay-color":"","overlay-opacity":"","overlay-gradient":""}},"footnotes":""},"class_list":["post-7","page","type-page","status-publish","hentry"],"_links":{"self":[{"href":"https:\/\/www.legeasll.com\/asll\/wp-json\/wp\/v2\/pages\/7","targetHints":{"allow":["GET"]}}],"collection":[{"href":"https:\/\/www.legeasll.com\/asll\/wp-json\/wp\/v2\/pages"}],"about":[{"href":"https:\/\/www.legeasll.com\/asll\/wp-json\/wp\/v2\/types\/page"}],"author":[{"embeddable":true,"href":"https:\/\/www.legeasll.com\/asll\/wp-json\/wp\/v2\/users\/1"}],"replies":[{"embeddable":true,"href":"https:\/\/www.legeasll.com\/asll\/wp-json\/wp\/v2\/comments?post=7"}],"version-history":[{"count":139,"href":"https:\/\/www.legeasll.com\/asll\/wp-json\/wp\/v2\/pages\/7\/revisions"}],"predecessor-version":[{"id":17924,"href":"https:\/\/www.legeasll.com\/asll\/wp-json\/wp\/v2\/pages\/7\/revisions\/17924"}],"wp:attachment":[{"href":"https:\/\/www.legeasll.com\/asll\/wp-json\/wp\/v2\/media?parent=7"}],"curies":[{"name":"wp","href":"https:\/\/api.w.org\/{rel}","templated":true}]}}