{"id":15950,"date":"2016-09-12T22:29:49","date_gmt":"2016-09-12T20:29:49","guid":{"rendered":"http:\/\/www.legeasll.com\/asll\/?page_id=15950"},"modified":"2025-09-23T23:23:09","modified_gmt":"2025-09-23T21:23:09","slug":"badminton","status":"publish","type":"page","link":"https:\/\/www.legeasll.com\/asll\/badminton\/","title":{"rendered":"Badminton"},"content":{"rendered":"\n<figure class=\"wp-block-image size-full\"><img loading=\"lazy\" decoding=\"async\" width=\"1000\" height=\"500\" src=\"https:\/\/www.legeasll.com\/asll\/wp-content\/uploads\/2025\/09\/Home_badminton-1000x500-1.jpg\" alt=\"\" class=\"wp-image-17921\" style=\"aspect-ratio:16\/9;object-fit:contain\" srcset=\"https:\/\/www.legeasll.com\/asll\/wp-content\/uploads\/2025\/09\/Home_badminton-1000x500-1.jpg 1000w, https:\/\/www.legeasll.com\/asll\/wp-content\/uploads\/2025\/09\/Home_badminton-1000x500-1-300x150.jpg 300w, https:\/\/www.legeasll.com\/asll\/wp-content\/uploads\/2025\/09\/Home_badminton-1000x500-1-768x384.jpg 768w\" sizes=\"auto, (max-width: 1000px) 100vw, 1000px\" \/><\/figure>\n\n\n\n<div style=\"height:100px\" aria-hidden=\"true\" class=\"wp-block-spacer\"><\/div>\n\n\n\n<h2 class=\"wp-block-heading\">Pr\u00e9sentation section badminton<\/h2>\n\n\n\n<p>Les adh\u00e9rents adultes pratiquent le badminton tous les jeudi soir et mardi soir dans les gymnases de Leg\u00e9 \u00e0 partir de 20h le jeudi et 20h45 le mardi, 7 terrains sont mis \u00e0 la disposition des joueurs. Des raquettes sont pr\u00eat\u00e9es aux nouveaux adh\u00e9rents.<br><\/p>\n\n\n\n<p>Pour adh\u00e9rer \u00e0 cette section, les formalit\u00e9s sont simples : s\u2019inscrire lors d\u2019une s\u00e9ance aupr\u00e8s du responsable, payer une adh\u00e9sion modeste (40\u20ac) et remplir un questionnaire de sant\u00e9.<\/p>\n\n\n\n<p>Les s\u00e9ances de badminton se d\u00e9roulent dans une ambiance conviviale o\u00f9 chaque joueur peut jouer en rencontrant des joueurs de m\u00eame niveau ou des joueurs de niveau diff\u00e9rent. La pratique du badminton \u00e0 Leg\u00e9 est une pratique de loisir : il n\u2019y a pas d\u2019entra\u00eenement pris en charge par un entra\u00eeneur ni de comp\u00e9tition officielle. Cependant des conseils peuvent \u00eatre donn\u00e9s aux joueurs qui d\u00e9butent l\u2019activit\u00e9.<\/p>\n\n\n\n<p>Si vous ne connaissez pas, venez d\u00e9couvrir cette activit\u00e9 notamment le jour du tournoi annuel de badminton, ouvert \u00e0 tous.<\/p>\n\n\n\n<p>Et si vous avez envie de pratiquer le badminton, n\u2019h\u00e9sitez pas \u00e0 venir vous inscrire ou m\u00eame juste essayer!<\/p>\n\n\n\n<p><br>Et pour les ados, nous avons un cr\u00e9neau encadr\u00e9 le samedi matin de 9h30 \u00e0 11h.<\/p>\n\n\n\n<div style=\"height:100px\" aria-hidden=\"true\" class=\"wp-block-spacer\"><\/div>\n\n\n\n<div class=\"wp-block-buttons alignfull is-content-justification-center is-layout-flex wp-container-core-buttons-is-layout-a89b3969 wp-block-buttons-is-layout-flex\">\n<div class=\"wp-block-button\"><a class=\"wp-block-button__link has-text-align-center wp-element-button\" href=\"https:\/\/www.legeasll.com\/asll\/wp-content\/uploads\/2025\/09\/Dossier_Badminton_ASLL_2025_2026.pdf\">Dossier d&rsquo;inscription au badminton<\/a><\/div>\n<\/div>\n\n\n\n<div style=\"height:100px\" aria-hidden=\"true\" class=\"wp-block-spacer\"><\/div>\n\n\n\n<div class=\"wp-block-buttons is-layout-flex wp-block-buttons-is-layout-flex\"><\/div>\n\n\n\n<h2 class=\"wp-block-heading\">Les derniers articles&#8230;<\/h2>\n\n\n<ul class=\"wp-block-latest-posts__list wp-block-latest-posts\"><li><div class=\"wp-block-latest-posts__featured-image alignleft\"><img loading=\"lazy\" decoding=\"async\" width=\"300\" height=\"169\" src=\"https:\/\/www.legeasll.com\/asll\/wp-content\/uploads\/2025\/09\/Reprise-2025-2026-300x169.jpg\" class=\"attachment-medium size-medium wp-post-image\" alt=\"\" style=\"\" srcset=\"https:\/\/www.legeasll.com\/asll\/wp-content\/uploads\/2025\/09\/Reprise-2025-2026-300x169.jpg 300w, https:\/\/www.legeasll.com\/asll\/wp-content\/uploads\/2025\/09\/Reprise-2025-2026-768x433.jpg 768w, https:\/\/www.legeasll.com\/asll\/wp-content\/uploads\/2025\/09\/Reprise-2025-2026-1024x577.jpg 1024w, https:\/\/www.legeasll.com\/asll\/wp-content\/uploads\/2025\/09\/Reprise-2025-2026-700x395.jpg 700w, https:\/\/www.legeasll.com\/asll\/wp-content\/uploads\/2025\/09\/Reprise-2025-2026-539x303.jpg 539w, https:\/\/www.legeasll.com\/asll\/wp-content\/uploads\/2025\/09\/Reprise-2025-2026.jpg 1100w\" sizes=\"auto, (max-width: 300px) 100vw, 300px\" \/><\/div><a class=\"wp-block-latest-posts__post-title\" href=\"https:\/\/www.legeasll.com\/asll\/2025\/09\/18\/cest-la-reprise-a-lasll-badminton-saison-2025-2026\/\">C\u2019est la reprise \u00e0 l\u2019ASLL Badminton \u2013 Saison 2025-2026 !<\/a><div class=\"wp-block-latest-posts__post-excerpt\">Ch\u00e8res joueuses, cher joueurs, Apr\u00e8s un bel \u00e9t\u00e9, il est temps de ressortir vos raquettes et vos baskets : la nouvelle saison 2025-2026 de badminton loisirs d\u00e9marre \u00e0 l&rsquo;ASLL ! Que vous soyez d\u00e9butant, joueur occasionnel ou pratiquant r\u00e9gulier, nos cr\u00e9neaux loisirs sont ouverts \u00e0 toutes et \u00e0 tous. L&rsquo;objectif reste le m\u00eame : partager\u2026 <a class=\"wp-block-latest-posts__read-more\" href=\"https:\/\/www.legeasll.com\/asll\/2025\/09\/18\/cest-la-reprise-a-lasll-badminton-saison-2025-2026\/\" rel=\"noopener noreferrer\">Lire la suite<span class=\"screen-reader-text\">\u00a0: C\u2019est la reprise \u00e0 l\u2019ASLL Badminton \u2013 Saison 2025-2026 !<\/span><\/a><\/div><\/li>\n<li><div class=\"wp-block-latest-posts__featured-image alignleft\"><img loading=\"lazy\" decoding=\"async\" width=\"300\" height=\"148\" src=\"https:\/\/www.legeasll.com\/asll\/wp-content\/uploads\/2017\/09\/Bad-300x148.jpg\" class=\"attachment-medium size-medium wp-post-image\" alt=\"\" style=\"\" srcset=\"https:\/\/www.legeasll.com\/asll\/wp-content\/uploads\/2017\/09\/Bad-300x148.jpg 300w, https:\/\/www.legeasll.com\/asll\/wp-content\/uploads\/2017\/09\/Bad-768x379.jpg 768w, https:\/\/www.legeasll.com\/asll\/wp-content\/uploads\/2017\/09\/Bad-1024x505.jpg 1024w, https:\/\/www.legeasll.com\/asll\/wp-content\/uploads\/2017\/09\/Bad-700x346.jpg 700w, https:\/\/www.legeasll.com\/asll\/wp-content\/uploads\/2017\/09\/Bad.jpg 1100w\" sizes=\"auto, (max-width: 300px) 100vw, 300px\" \/><\/div><a class=\"wp-block-latest-posts__post-title\" href=\"https:\/\/www.legeasll.com\/asll\/2023\/09\/07\/badminton-rentree-2016-2-2-2\/\">Reprise septembre 2023<\/a><div class=\"wp-block-latest-posts__post-excerpt\">Les s\u00e9ances de badminton loisir\u00a0pour les adultes reprendront le jeudi 7 septembre 2023 \u00e0 partir de 20h puis le mardi \u00e0 20h45. Pour adh\u00e9rer il faut un ch\u00e8que de 25\u20ac, un certificat m\u00e9dical, et remplir le petit tableau lors de la s\u00e9ance\u2026 Vous pouvez venir essayer gratuitement une ou deux s\u00e9ances ! On pr\u00eate une\u2026 <a class=\"wp-block-latest-posts__read-more\" href=\"https:\/\/www.legeasll.com\/asll\/2023\/09\/07\/badminton-rentree-2016-2-2-2\/\" rel=\"noopener noreferrer\">Lire la suite<span class=\"screen-reader-text\">\u00a0: Reprise septembre 2023<\/span><\/a><\/div><\/li>\n<\/ul>\n\n\n<p><\/p>\n","protected":false},"excerpt":{"rendered":"<p>Pr\u00e9sentation section badminton Les adh\u00e9rents adultes pratiquent le badminton tous les jeudi soir et mardi soir dans les gymnases de [&hellip;]<\/p>\n","protected":false},"author":1,"featured_media":0,"parent":0,"menu_order":0,"comment_status":"closed","ping_status":"closed","template":"full_width.php","meta":{"site-sidebar-layout":"default","site-content-layout":"","ast-site-content-layout":"default","site-content-style":"default","site-sidebar-style":"default","ast-global-header-display":"","ast-banner-title-visibility":"","ast-main-header-display":"","ast-hfb-above-header-display":"","ast-hfb-below-header-display":"","ast-hfb-mobile-header-display":"","site-post-title":"","ast-breadcrumbs-content":"","ast-featured-img":"","footer-sml-layout":"","theme-transparent-header-meta":"","adv-header-id-meta":"","stick-header-meta":"","header-above-stick-meta":"","header-main-stick-meta":"","header-below-stick-meta":"","astra-migrate-meta-layouts":"default","ast-page-background-enabled":"default","ast-page-background-meta":{"desktop":{"background-color":"var(--ast-global-color-5)","background-image":"","background-repeat":"repeat","background-position":"center center","background-size":"auto","background-attachment":"scroll","background-type":"","background-media":"","overlay-type":"","overlay-color":"","overlay-opacity":"","overlay-gradient":""},"tablet":{"background-color":"","background-image":"","background-repeat":"repeat","background-position":"center center","background-size":"auto","background-attachment":"scroll","background-type":"","background-media":"","overlay-type":"","overlay-color":"","overlay-opacity":"","overlay-gradient":""},"mobile":{"background-color":"","background-image":"","background-repeat":"repeat","background-position":"center center","background-size":"auto","background-attachment":"scroll","background-type":"","background-media":"","overlay-type":"","overlay-color":"","overlay-opacity":"","overlay-gradient":""}},"ast-content-background-meta":{"desktop":{"background-color":"var(--ast-global-color-4)","background-image":"","background-repeat":"repeat","background-position":"center center","background-size":"auto","background-attachment":"scroll","background-type":"","background-media":"","overlay-type":"","overlay-color":"","overlay-opacity":"","overlay-gradient":""},"tablet":{"background-color":"var(--ast-global-color-4)","background-image":"","background-repeat":"repeat","background-position":"center center","background-size":"auto","background-attachment":"scroll","background-type":"","background-media":"","overlay-type":"","overlay-color":"","overlay-opacity":"","overlay-gradient":""},"mobile":{"background-color":"var(--ast-global-color-4)","background-image":"","background-repeat":"repeat","background-position":"center center","background-size":"auto","background-attachment":"scroll","background-type":"","background-media":"","overlay-type":"","overlay-color":"","overlay-opacity":"","overlay-gradient":""}},"footnotes":""},"class_list":["post-15950","page","type-page","status-publish","hentry"],"_links":{"self":[{"href":"https:\/\/www.legeasll.com\/asll\/wp-json\/wp\/v2\/pages\/15950","targetHints":{"allow":["GET"]}}],"collection":[{"href":"https:\/\/www.legeasll.com\/asll\/wp-json\/wp\/v2\/pages"}],"about":[{"href":"https:\/\/www.legeasll.com\/asll\/wp-json\/wp\/v2\/types\/page"}],"author":[{"embeddable":true,"href":"https:\/\/www.legeasll.com\/asll\/wp-json\/wp\/v2\/users\/1"}],"replies":[{"embeddable":true,"href":"https:\/\/www.legeasll.com\/asll\/wp-json\/wp\/v2\/comments?post=15950"}],"version-history":[{"count":22,"href":"https:\/\/www.legeasll.com\/asll\/wp-json\/wp\/v2\/pages\/15950\/revisions"}],"predecessor-version":[{"id":17953,"href":"https:\/\/www.legeasll.com\/asll\/wp-json\/wp\/v2\/pages\/15950\/revisions\/17953"}],"wp:attachment":[{"href":"https:\/\/www.legeasll.com\/asll\/wp-json\/wp\/v2\/media?parent=15950"}],"curies":[{"name":"wp","href":"https:\/\/api.w.org\/{rel}","templated":true}]}}